{"id":4,"date":"2019-06-20T16:29:17","date_gmt":"2019-06-20T16:29:17","guid":{"rendered":"https:\/\/rks.webgiantdemo.se\/?p=4"},"modified":"2024-02-15T17:52:53","modified_gmt":"2024-02-15T17:52:53","slug":"home","status":"publish","type":"page","link":"https:\/\/renoveringfonster.se\/","title":{"rendered":"Hem"},"content":{"rendered":"<h1>RKS F\u00f6nsterrenovering &amp; Glasbyten<\/h1>\n<div>\n<p>V\u00e4lkommen till v\u00e5ra tj\u00e4nster inom f\u00f6nsterrenovering och glasbyten. <\/p>\n<p>Med \u00f6ver 18 \u00e5rs erfarenhet i branschen och en specialisering p\u00e5 renovering de senaste 10 \u00e5ren, erbjuder jag skr\u00e4ddarsydda l\u00f6sningar f\u00f6r just dina f\u00f6nster.<\/p>\n<\/div>\n<p>\n    <a href=\"#\">Kontakta mig<\/a>\n<\/p>\n<p><img decoding=\"async\" src=\"\/wp-content\/uploads\/2024\/02\/adobestock-108547381-kopia-scaled.jpg\" alt=\"\"><\/p>\n<div>\n<p>        <img decoding=\"async\" src=\"\/wp-content\/uploads\/2024\/02\/adobestock-98546006-kopia-scaled.jpg\" alt=\"\"><\/p>\n<h2>Med bred erfarenhet f\u00f6r f\u00f6nsterrenovering<\/h2>\n<p>F\u00f6nsterrenovering &#038; Glasbyten<\/p>\n<div>\n<p>Mitt m\u00e5l \u00e4r att f\u00f6rl\u00e4nga dina f\u00f6nsters livsl\u00e4ngd och f\u00f6rb\u00e4ttra ditt hems utseende och energieffektivitet.<\/p>\n<\/div>\n<\/div>\n<ul>\n<li>\n<p>        <img decoding=\"async\" src=\"\/wp-content\/uploads\/yootheme\/home-services-01.svg\" alt=\"\"><\/p>\n<h3>Kostnadsfri Utv\u00e4rdering<\/h3>\n<div>\n<p>Jag b\u00f6rjar med ett bes\u00f6k hos dig f\u00f6r att bed\u00f6ma dina f\u00f6nsters skick och vad som beh\u00f6vs g\u00f6ras.<\/p>\n<\/div>\n<\/li>\n<li>\n<p>        <img decoding=\"async\" src=\"\/wp-content\/uploads\/yootheme\/home-services-02.svg\" alt=\"\"><\/p>\n<h3>Transport och Skydd<\/h3>\n<div>\n<p>D\u00e4refter h\u00e4mtar jag dina f\u00f6nster och installerar f\u00f6nsterparaplyer f\u00f6r att skydda ditt hem.<\/p>\n<\/div>\n<\/li>\n<li>\n<p>        <img decoding=\"async\" src=\"\/wp-content\/uploads\/yootheme\/home-services-04.svg\" alt=\"\"><\/p>\n<h3>Renovering i Verkstaden<\/h3>\n<div>\n<p>Jag tar bort gammal f\u00e4rg och kitt, slipar b\u00e5garna till tr\u00e4rent skick, och behandlar dem med olja. Efter att ha grundat tv\u00e5 g\u00e5nger, l\u00e4gger jag i nytt glas, kittar, och slutstryker f\u00f6nstren f\u00f6r optimal h\u00e5llbarhet.<\/p>\n<\/div>\n<\/li>\n<li>\n<p>        <img decoding=\"async\" src=\"\/wp-content\/uploads\/yootheme\/home-services-01.svg\" alt=\"\"><\/p>\n<h3>Beslagsbyte &#038; Justeringar<\/h3>\n<div>\n<p>Vid behov byter jag ut beslag och g\u00f6r de n\u00f6dv\u00e4ndiga justeringarna f\u00f6r att garantera perfekt funktion.<\/p>\n<\/div>\n<\/li>\n<\/ul>\n<h2>Om mig<\/h2>\n<h2>Jag tror p\u00e5 kvalitet, h\u00e5llbarhet och sk\u00f6nhet i varje projekt jag tar mig an.<\/h2>\n<div>\n<p>Med en passion f\u00f6r hantverket och en djup rotad historia i Trosa kommun, har jag p\u00e5 RKS f\u00f6nsterrenovering \u00e4gnat mig \u00e5t f\u00f6nsterrenovering och glasbyten i n\u00e4stan tv\u00e5 decennier. V\u00e5r grundare och ledare har 18 \u00e5rs erfarenhet inom f\u00f6nster och glas, med en specialisering p\u00e5 renovering under de senaste 10 \u00e5ren.<\/p>\n<p>Jag tror p\u00e5 kvalitet, h\u00e5llbarhet och sk\u00f6nhet i varje projekt jag tar mig an. V\u00e5rt m\u00e5l \u00e4r inte bara att \u00e5terst\u00e4lla dina f\u00f6nsters forna glans utan ocks\u00e5 att f\u00f6rb\u00e4ttra ditt hems v\u00e4rde och energieffektivitet. Jag \u00e4r stolt \u00f6ver v\u00e5rt hantverk och den skillnad jag g\u00f6r i mina kunders liv.<\/p>\n<\/div>\n<p><img decoding=\"async\" src=\"\/wp-content\/uploads\/2024\/02\/423541985_702312512016808_2777210602778047129_n.jpg\" alt=\"\"><\/p>\n<ul>\n<li>\n<p>        <img decoding=\"async\" src=\"\/wp-content\/uploads\/2024\/02\/1000003790-scaled.jpg\" alt=\"\"><\/p>\n<h3>1000003790<\/h3>\n<\/li>\n<li>\n<p>        <img decoding=\"async\" src=\"\/wp-content\/uploads\/2024\/02\/1000003789-scaled.jpg\" alt=\"\"><\/p>\n<h3>1000003789<\/h3>\n<\/li>\n<li>\n<p>        <img decoding=\"async\" src=\"\/wp-content\/uploads\/2024\/02\/1000003788-scaled.jpg\" alt=\"\"><\/p>\n<h3>1000003788<\/h3>\n<\/li>\n<li>\n<p>        <img decoding=\"async\" src=\"\/wp-content\/uploads\/2024\/02\/received_692455009767115.jpeg\" alt=\"\"><\/p>\n<h3>received_692455009767115<\/h3>\n<\/li>\n<li>\n<p>        <img decoding=\"async\" src=\"\/wp-content\/uploads\/2024\/02\/received_936214924467401.jpeg\" alt=\"\"><\/p>\n<h3>received_936214924467401<\/h3>\n<\/li>\n<li>\n<p>        <img decoding=\"async\" src=\"\/wp-content\/uploads\/2024\/02\/received_1183563045955860.jpeg\" alt=\"\"><\/p>\n<h3>received_1183563045955860<\/h3>\n<\/li>\n<\/ul>\n<h2>Kontakta Mig!<\/h2>\n<div>\n<p>Jag H\u00f6r G\u00e4rna fr\u00e5n Dig!<\/p>\n<p>Har du fr\u00e5gor eller vill du boka en kostnadsfri utv\u00e4rdering? Tveka inte att kontakta mig. Du kan n\u00e5 mig via:<\/p>\n<\/div>\n<div>\n\n<div class=\"wpcf7 no-js\" id=\"wpcf7-f1167-o1\" lang=\"sv-SE\" dir=\"ltr\">\n<div class=\"screen-reader-response\"><p role=\"status\" aria-live=\"polite\" aria-atomic=\"true\"><\/p> <ul><\/ul><\/div>\n<form action=\"\/index.php?rest_route=%2Fwp%2Fv2%2Fpages%2F4#wpcf7-f1167-o1\" method=\"post\" class=\"wpcf7-form init\" aria-label=\"Kontaktformul\u00e4r\" novalidate=\"novalidate\" data-status=\"init\">\n<div style=\"display: none;\">\n<input type=\"hidden\" name=\"_wpcf7\" value=\"1167\" \/>\n<input type=\"hidden\" name=\"_wpcf7_version\" value=\"5.8.7\" \/>\n<input type=\"hidden\" name=\"_wpcf7_locale\" value=\"sv_SE\" \/>\n<input type=\"hidden\" name=\"_wpcf7_unit_tag\" value=\"wpcf7-f1167-o1\" \/>\n<input type=\"hidden\" name=\"_wpcf7_container_post\" value=\"0\" \/>\n<input type=\"hidden\" name=\"_wpcf7_posted_data_hash\" value=\"\" \/>\n<\/div>\n<div class=\"uk-margin\">\n\t<div class=\"uk-grid-small uk-child-width-1-2@m\" uk-grid>\n\t\t<p><span class=\"wpcf7-form-control-wrap\" data-name=\"your-name\"><input size=\"40\" class=\"wpcf7-form-control wpcf7-text wpcf7-validates-as-required uk-input\" aria-required=\"true\" aria-invalid=\"false\" placeholder=\"Namn\" value=\"\" type=\"text\" name=\"your-name\" \/><\/span>\n\t\t<\/p>\n\t\t<p><span class=\"wpcf7-form-control-wrap\" data-name=\"your-phone\"><input size=\"40\" class=\"wpcf7-form-control wpcf7-tel wpcf7-validates-as-required wpcf7-text wpcf7-validates-as-tel uk-input\" aria-required=\"true\" aria-invalid=\"false\" placeholder=\"Telefonnummer\" value=\"\" type=\"tel\" name=\"your-phone\" \/><\/span>\n\t\t<\/p>\n\t<\/div>\n<\/div>\n<div class=\"uk-margin\">\n\t<p><span class=\"wpcf7-form-control-wrap\" data-name=\"your-message\"><textarea cols=\"40\" rows=\"3\" class=\"wpcf7-form-control wpcf7-textarea uk-textarea\" aria-invalid=\"false\" placeholder=\"Ditt meddelande\" name=\"your-message\"><\/textarea><\/span>\n\t<\/p>\n<\/div>\n<div class=\"uk-margin uk-text-center\">\n\t<p><input class=\"wpcf7-form-control wpcf7-submit has-spinner uk-button uk-button-primary\" type=\"submit\" value=\"SKICKA FORMUL\u00c4R\" \/>\n\t<\/p>\n<\/div><div class=\"wpcf7-response-output\" aria-hidden=\"true\"><\/div>\n<\/form>\n<\/div>\n<\/div>\n<div>\n<p>    <script>\n    UIkit.util.ready(function () {\n    var pathname = location.pathname;\n    if (typeof pathname == 'undefined' || !pathname || pathname.length === 0 || pathname === \"\" || pathname == \"\/\"){\n        UIkit.scrollspyNav('.uk-navbar-nav', {closest: 'li', scroll: true, offset: 100});\n    }else{\n        UIkit.util.$$('.uk-navbar-nav a').forEach(function(el) {\n            el.href = el.href.replace(pathname, '');\n        });\n    }\n});\n<\/script>\n<\/div>\n<p><!--more--><br \/>\n<!-- {\"name\":\"Home\",\"type\":\"layout\",\"children\":[{\"name\":\"Hero\",\"type\":\"section\",\"props\":{\"animation\":\"slide-right-medium\",\"animation_delay\":\"50\",\"header_transparent\":true,\"header_transparent_noplaceholder\":false,\"height\":\"pixels\",\"height_offset_top\":true,\"height_viewport\":600,\"id\":\"hem\",\"image\":\"wp-content\\\/uploads\\\/2024\\\/02\\\/adobestock-371846207-scaled.jpg\",\"image_position\":\"center-center\",\"image_size\":\"cover\",\"media_background\":\"rgba(255, 255, 255, 0.88)\",\"media_blend_mode\":\"multiply\",\"media_overlay\":\"rgba(255, 255, 255, 0.76)\",\"style\":\"muted\",\"title_breakpoint\":\"xl\",\"title_position\":\"top-left\",\"title_rotation\":\"left\",\"vertical_align\":\"middle\",\"width\":\"default\"},\"children\":[{\"type\":\"row\",\"props\":{\"layout\":\"1-2,1-2\",\"vertical_align\":true},\"children\":[{\"type\":\"column\",\"props\":{\"image_position\":\"center-center\",\"position_sticky_breakpoint\":\"m\",\"vertical_align\":\"middle\",\"width_medium\":\"1-2\"},\"children\":[{\"type\":\"headline\",\"props\":{\"block_align\":\"center\",\"content\":\"RKS F\\u00f6nsterrenovering &amp; Glasbyten\",\"margin_remove_top\":false,\"maxwidth\":\"xlarge\",\"text_align\":\"left\",\"text_align_breakpoint\":\"m\",\"text_align_fallback\":\"center\",\"title_element\":\"h1\"}},{\"type\":\"text\",\"props\":{\"block_align_breakpoint\":\"m\",\"block_align_fallback\":\"center\",\"column_breakpoint\":\"m\",\"content\":\"\n\n<p>V\\u00e4lkommen till v\\u00e5ra tj\\u00e4nster inom f\\u00f6nsterrenovering och glasbyten. <br \\\/><br \\\/>Med \\u00f6ver 18 \\u00e5rs erfarenhet i branschen och en specialisering p\\u00e5 renovering de senaste 10 \\u00e5ren, erbjuder jag skr\\u00e4ddarsydda l\\u00f6sningar f\\u00f6r just dina f\\u00f6nster.<\\\/p>\",\"margin\":\"default\",\"maxwidth\":\"xlarge\",\"text_align\":\"left\",\"text_align_breakpoint\":\"m\",\"text_align_fallback\":\"center\"}},{\"type\":\"button\",\"props\":{\"grid_column_gap\":\"small\",\"grid_row_gap\":\"small\",\"margin\":\"large\",\"text_align\":\"left\",\"text_align_breakpoint\":\"m\",\"text_align_fallback\":\"center\"},\"children\":[{\"type\":\"button_item\",\"props\":{\"button_style\":\"primary\",\"content\":\"Kontakta mig\",\"icon_align\":\"left\",\"link\":\"#\",\"link_title\":\"Explore\"}}]}]},{\"type\":\"column\",\"props\":{\"image_position\":\"center-center\",\"position_sticky_breakpoint\":\"m\",\"vertical_align\":\"middle\",\"width_medium\":\"1-2\"},\"children\":[{\"type\":\"image\",\"props\":{\"animation\":\"slide-top-medium\",\"image\":\"wp-content\\\/uploads\\\/2024\\\/02\\\/adobestock-108547381-kopia-scaled.jpg\",\"image_border\":\"rounded\",\"image_svg_color\":\"emphasis\",\"margin\":\"default\"}}]}]}]},{\"type\":\"section\",\"props\":{\"animation\":\"slide-right-medium\",\"animation_delay\":\"100\",\"id\":\"tjanster\",\"image_position\":\"center-center\",\"image_size\":\"cover\",\"padding\":\"large\",\"style\":\"default\",\"title_breakpoint\":\"xl\",\"title_position\":\"top-left\",\"title_rotation\":\"left\",\"vertical_align\":\"middle\",\"width\":\"default\"},\"children\":[{\"type\":\"row\",\"props\":{\"column_gap\":\"large\",\"layout\":\"large,expand\",\"row_gap\":\"large\",\"vertical_align\":true},\"children\":[{\"type\":\"column\",\"props\":{\"image_position\":\"center-center\",\"position_sticky_breakpoint\":\"m\",\"vertical_align\":\"middle\",\"width_large\":\"xlarge\",\"width_medium\":\"large\"},\"children\":[{\"type\":\"panel\",\"props\":{\"content\":\"\n\n<p>Mitt m\\u00e5l \\u00e4r att f\\u00f6rl\\u00e4nga dina f\\u00f6nsters livsl\\u00e4ngd och f\\u00f6rb\\u00e4ttra ditt hems utseende och energieffektivitet.<\\\/p>\",\"content_column_breakpoint\":\"m\",\"icon_width\":80,\"image\":\"wp-content\\\/uploads\\\/2024\\\/02\\\/adobestock-98546006-kopia-scaled.jpg\",\"image_align\":\"top\",\"image_grid_breakpoint\":\"m\",\"image_grid_width\":\"1-2\",\"image_svg_color\":\"emphasis\",\"link_margin\":\"large\",\"link_style\":\"text\",\"link_target\":false,\"link_text\":\"See in detail\",\"margin\":\"default\",\"meta\":\"F\\u00f6nsterrenovering & Glasbyten\",\"meta_align\":\"above-title\",\"meta_color\":\"success\",\"meta_element\":\"div\",\"meta_style\":\"h4\",\"panel_padding\":\"large\",\"panel_style\":\"card-default\",\"text_align\":\"left\",\"title\":\"Med bred erfarenhet f\\u00f6r f\\u00f6nsterrenovering\",\"title_align\":\"top\",\"title_element\":\"h2\",\"title_grid_breakpoint\":\"m\",\"title_grid_width\":\"1-2\",\"title_hover_style\":\"reset\",\"title_style\":\"h1\"}}]},{\"type\":\"column\",\"props\":{\"image_position\":\"center-center\",\"position_sticky_breakpoint\":\"m\",\"vertical_align\":\"middle\",\"width_medium\":\"expand\"},\"children\":[{\"type\":\"grid\",\"props\":{\"block_align\":\"center\",\"content_column_breakpoint\":\"m\",\"filter_align\":\"left\",\"filter_all\":true,\"filter_grid_breakpoint\":\"m\",\"filter_grid_width\":\"auto\",\"filter_position\":\"top\",\"filter_style\":\"tab\",\"grid_column_align\":false,\"grid_column_gap\":\"large\",\"grid_default\":\"1\",\"grid_medium\":\"\",\"grid_row_align\":false,\"grid_row_gap\":\"large\",\"grid_small\":\"2\",\"icon_ratio\":4,\"icon_width\":\"50\",\"image_align\":\"top\",\"image_grid_breakpoint\":\"m\",\"image_grid_width\":\"1-2\",\"image_svg_animate\":true,\"image_svg_color\":\"success\",\"image_svg_inline\":true,\"item_animation\":true,\"link_style\":\"default\",\"link_text\":\"Read more\",\"margin\":\"medium\",\"maxwidth\":\"2xlarge\",\"meta_align\":\"below-title\",\"meta_element\":\"div\",\"meta_style\":\"text-meta\",\"panel_padding\":\"small\",\"panel_style\":\"card-primary\",\"parallax_easing\":\"1\",\"show_content\":true,\"show_image\":true,\"show_link\":true,\"show_meta\":true,\"show_title\":true,\"text_align\":\"left\",\"title_align\":\"top\",\"title_element\":\"h3\",\"title_grid_breakpoint\":\"m\",\"title_grid_width\":\"1-2\",\"title_hover_style\":\"reset\",\"title_style\":\"h4\"},\"children\":[{\"type\":\"grid_item\",\"props\":{\"content\":\"\n\n<p>Jag b\\u00f6rjar med ett bes\\u00f6k hos dig f\\u00f6r att bed\\u00f6ma dina f\\u00f6nsters skick och vad som beh\\u00f6vs g\\u00f6ras.<\\\/p>\",\"image\":\"wp-content\\\/uploads\\\/yootheme\\\/home-services-01.svg\",\"title\":\"Kostnadsfri Utv\\u00e4rdering\"}},{\"type\":\"grid_item\",\"props\":{\"content\":\"\n\n<p>D\\u00e4refter h\\u00e4mtar jag dina f\\u00f6nster och installerar f\\u00f6nsterparaplyer f\\u00f6r att skydda ditt hem.<\\\/p>\",\"image\":\"wp-content\\\/uploads\\\/yootheme\\\/home-services-02.svg\",\"title\":\"Transport och Skydd\"}},{\"type\":\"grid_item\",\"props\":{\"content\":\"\n\n<p>Jag tar bort gammal f\\u00e4rg och kitt, slipar b\\u00e5garna till tr\\u00e4rent skick, och behandlar dem med olja. Efter att ha grundat tv\\u00e5 g\\u00e5nger, l\\u00e4gger jag i nytt glas, kittar, och slutstryker f\\u00f6nstren f\\u00f6r optimal h\\u00e5llbarhet.<\\\/p>\",\"image\":\"wp-content\\\/uploads\\\/yootheme\\\/home-services-04.svg\",\"title\":\"Renovering i Verkstaden\"}},{\"type\":\"grid_item\",\"props\":{\"content\":\"\n\n<p>Vid behov byter jag ut beslag och g\\u00f6r de n\\u00f6dv\\u00e4ndiga justeringarna f\\u00f6r att garantera perfekt funktion.<\\\/p>\",\"image\":\"wp-content\\\/uploads\\\/yootheme\\\/home-services-01.svg\",\"title\":\"Beslagsbyte & Justeringar\"}}]}]}]}],\"name\":\"Tj\\u00e4nster\"},{\"name\":\"Om oss\",\"type\":\"section\",\"props\":{\"animation\":\"slide-bottom-small\",\"animation_delay\":\"200\",\"id\":\"om-oss\",\"image\":\"wp-content\\\/uploads\\\/2024\\\/02\\\/adobestock-111680993-scaled.jpg\",\"image_position\":\"center-center\",\"image_size\":\"cover\",\"media_overlay\":\"rgba(255, 255, 255, 0.57)\",\"padding\":\"large\",\"padding_remove_bottom\":false,\"style\":\"muted\",\"title_breakpoint\":\"xl\",\"title_position\":\"top-left\",\"title_rotation\":\"left\",\"vertical_align\":\"middle\",\"width\":\"default\"},\"children\":[{\"type\":\"row\",\"children\":[{\"type\":\"column\",\"props\":{\"image_position\":\"center-center\",\"position_sticky_breakpoint\":\"m\",\"style\":\"card-secondary\",\"width_medium\":\"1-2\"},\"children\":[{\"type\":\"headline\",\"props\":{\"content\":\"Om mig\",\"text_align\":\"center\",\"title_element\":\"h2\",\"title_style\":\"h1\"}},{\"type\":\"headline\",\"props\":{\"content\":\"Jag tror p\\u00e5 kvalitet, h\\u00e5llbarhet och sk\\u00f6nhet i varje projekt jag tar mig an.\",\"text_align\":\"center\",\"title_color\":\"success\",\"title_element\":\"h2\",\"title_style\":\"h4\"}},{\"type\":\"text\",\"props\":{\"block_align\":\"center\",\"column_breakpoint\":\"m\",\"content\":\"\n\n<p>Med en passion f\\u00f6r hantverket och en djup rotad historia i Trosa kommun, har jag p\\u00e5 RKS f\\u00f6nsterrenovering \\u00e4gnat mig \\u00e5t f\\u00f6nsterrenovering och glasbyten i n\\u00e4stan tv\\u00e5 decennier. V\\u00e5r grundare och ledare har 18 \\u00e5rs erfarenhet inom f\\u00f6nster och glas, med en specialisering p\\u00e5 renovering under de senaste 10 \\u00e5ren.<\\\/p>\\n\n\n<p>Jag tror p\\u00e5 kvalitet, h\\u00e5llbarhet och sk\\u00f6nhet i varje projekt jag tar mig an. V\\u00e5rt m\\u00e5l \\u00e4r inte bara att \\u00e5terst\\u00e4lla dina f\\u00f6nsters forna glans utan ocks\\u00e5 att f\\u00f6rb\\u00e4ttra ditt hems v\\u00e4rde och energieffektivitet. Jag \\u00e4r stolt \\u00f6ver v\\u00e5rt hantverk och den skillnad jag g\\u00f6r i mina kunders liv.<\\\/p>\",\"margin\":\"medium\",\"maxwidth\":\"xlarge\",\"text_align\":\"center\"}}]},{\"type\":\"column\",\"props\":{\"image_position\":\"center-center\",\"position_sticky_breakpoint\":\"m\",\"vertical_align\":\"middle\",\"width_medium\":\"1-2\"},\"children\":[{\"type\":\"image\",\"props\":{\"image\":\"wp-content\\\/uploads\\\/2024\\\/02\\\/423541985_702312512016808_2777210602778047129_n.jpg\",\"image_border\":\"rounded\",\"image_svg_color\":\"emphasis\",\"margin\":\"default\"}}]}],\"props\":{\"layout\":\"1-2,1-2\"}}]},{\"type\":\"section\",\"props\":{\"image_position\":\"center-center\",\"style\":\"default\",\"title_breakpoint\":\"xl\",\"title_position\":\"top-left\",\"title_rotation\":\"left\",\"vertical_align\":\"middle\",\"width\":\"default\"},\"children\":[{\"type\":\"row\",\"children\":[{\"type\":\"column\",\"props\":{\"image_position\":\"center-center\",\"position_sticky_breakpoint\":\"m\"},\"children\":[{\"type\":\"grid\",\"props\":{\"content_column_breakpoint\":\"m\",\"filter_align\":\"left\",\"filter_all\":true,\"filter_grid_breakpoint\":\"m\",\"filter_grid_width\":\"auto\",\"filter_position\":\"top\",\"filter_style\":\"tab\",\"grid_default\":\"1\",\"grid_medium\":\"3\",\"icon_width\":80,\"image_align\":\"top\",\"image_grid_breakpoint\":\"m\",\"image_grid_width\":\"1-2\",\"image_height\":\"300\",\"image_svg_color\":\"emphasis\",\"image_width\":\"300\",\"item_animation\":true,\"lightbox\":true,\"link_style\":\"default\",\"link_text\":\"Expandera\",\"margin\":\"default\",\"meta_align\":\"below-title\",\"meta_element\":\"div\",\"meta_style\":\"text-meta\",\"show_content\":true,\"show_image\":true,\"show_link\":true,\"show_meta\":true,\"show_title\":false,\"text_align\":\"center\",\"title_align\":\"top\",\"title_element\":\"h3\",\"title_grid_breakpoint\":\"m\",\"title_grid_width\":\"1-2\",\"title_hover_style\":\"reset\"},\"children\":[{\"type\":\"grid_item\",\"props\":{\"image\":\"wp-content\\\/uploads\\\/2024\\\/02\\\/1000003790-scaled.jpg\",\"title\":\"1000003790\"}},{\"type\":\"grid_item\",\"props\":{\"image\":\"wp-content\\\/uploads\\\/2024\\\/02\\\/1000003789-scaled.jpg\",\"title\":\"1000003789\"}},{\"type\":\"grid_item\",\"props\":{\"image\":\"wp-content\\\/uploads\\\/2024\\\/02\\\/1000003788-scaled.jpg\",\"title\":\"1000003788\"}},{\"type\":\"grid_item\",\"props\":{\"image\":\"wp-content\\\/uploads\\\/2024\\\/02\\\/received_692455009767115.jpeg\",\"title\":\"received_692455009767115\"}},{\"type\":\"grid_item\",\"props\":{\"image\":\"wp-content\\\/uploads\\\/2024\\\/02\\\/received_936214924467401.jpeg\",\"title\":\"received_936214924467401\"}},{\"type\":\"grid_item\",\"props\":{\"image\":\"wp-content\\\/uploads\\\/2024\\\/02\\\/received_1183563045955860.jpeg\",\"title\":\"received_1183563045955860\"}}]}]}]}]},{\"name\":\"Kontakt\",\"type\":\"section\",\"props\":{\"animation\":\"slide-bottom-small\",\"animation_delay\":\"200\",\"id\":\"kontakt\",\"image_position\":\"center-center\",\"image_size\":\"cover\",\"padding\":\"large\",\"padding_remove_bottom\":false,\"style\":\"muted\",\"title_breakpoint\":\"xl\",\"title_position\":\"top-left\",\"title_rotation\":\"left\",\"vertical_align\":\"middle\",\"width\":\"small\"},\"children\":[{\"type\":\"row\",\"children\":[{\"type\":\"column\",\"props\":{\"image_position\":\"center-center\",\"position_sticky_breakpoint\":\"m\",\"width_medium\":\"1-1\"},\"children\":[{\"type\":\"headline\",\"props\":{\"content\":\"Kontakta Mig!\",\"text_align\":\"center\",\"title_element\":\"h2\",\"title_style\":\"h1\"}},{\"type\":\"text\",\"props\":{\"block_align\":\"center\",\"column_breakpoint\":\"m\",\"content\":\"\n\n<p>Jag H\\u00f6r G\\u00e4rna fr\\u00e5n Dig!<\\\/p>\\n\n\n<p>Har du fr\\u00e5gor eller vill du boka en kostnadsfri utv\\u00e4rdering? Tveka inte att kontakta mig. Du kan n\\u00e5 mig via:<\\\/p>\",\"margin\":\"medium\",\"maxwidth\":\"xlarge\",\"text_align\":\"center\"}},{\"type\":\"html\",\"props\":{\"content\":\"[contact-form-7 id=\\\"2a0cf10\\\" title=\\\"Kontaktformul\\u00e4r\\\"]\",\"css\":\".el-element{\\n    width: 600px;\\n    max-width: 100%;\\n    margin-left: auto;\\n    margin-right: auto;\\n}\"}}]}]}]},{\"type\":\"section\",\"props\":{\"image_position\":\"center-center\",\"padding\":\"none\",\"style\":\"default\",\"title_breakpoint\":\"xl\",\"title_position\":\"top-left\",\"title_rotation\":\"left\",\"vertical_align\":\"middle\",\"width\":\"default\"},\"children\":[{\"type\":\"row\",\"children\":[{\"type\":\"column\",\"props\":{\"image_position\":\"center-center\",\"position_sticky_breakpoint\":\"m\"},\"children\":[{\"type\":\"html\",\"props\":{\"content\":\"<script>\\n    UIkit.util.ready(function () {\\n    var pathname = location.pathname;\\n    if (typeof pathname == 'undefined' || !pathname || pathname.length === 0 || pathname === \\\"\\\" || pathname == \\\"\\\/\\\"){\\n        UIkit.scrollspyNav('.uk-navbar-nav', {closest: 'li', scroll: true, offset: 100});\\n    }else{\\n        UIkit.util.$$('.uk-navbar-nav a').forEach(function(el) {\\n            el.href = el.href.replace(pathname, '');\\n        });\\n    }\\n});\\n<\\\/script>\"}}]}]}]}],\"version\":\"4.3.2\"} --><\/p>\n","protected":false},"excerpt":{"rendered":"<p>RKS F\u00f6nsterrenovering &amp; Glasbyten V\u00e4lkommen till v\u00e5ra tj\u00e4nster inom f\u00f6nsterrenovering och glasbyten. Med \u00f6ver 18 \u00e5rs erfarenhet i branschen och en specialisering p\u00e5 renovering de senaste 10 \u00e5ren, erbjuder jag skr\u00e4ddarsydda l\u00f6sningar f\u00f6r just dina f\u00f6nster. Kontakta mig Med bred erfarenhet f\u00f6r f\u00f6nsterrenovering F\u00f6nsterrenovering &#038; Glasbyten Mitt m\u00e5l \u00e4r att f\u00f6rl\u00e4nga dina f\u00f6nsters livsl\u00e4ngd och [&hellip;]<\/p>\n","protected":false},"author":1,"featured_media":0,"parent":0,"menu_order":3,"comment_status":"open","ping_status":"open","template":"","meta":{"_acf_changed":false,"footnotes":""},"class_list":["post-4","page","type-page","status-publish","hentry"],"acf":[],"_links":{"self":[{"href":"https:\/\/renoveringfonster.se\/index.php?rest_route=\/wp\/v2\/pages\/4","targetHints":{"allow":["GET"]}}],"collection":[{"href":"https:\/\/renoveringfonster.se\/index.php?rest_route=\/wp\/v2\/pages"}],"about":[{"href":"https:\/\/renoveringfonster.se\/index.php?rest_route=\/wp\/v2\/types\/page"}],"author":[{"embeddable":true,"href":"https:\/\/renoveringfonster.se\/index.php?rest_route=\/wp\/v2\/users\/1"}],"replies":[{"embeddable":true,"href":"https:\/\/renoveringfonster.se\/index.php?rest_route=%2Fwp%2Fv2%2Fcomments&post=4"}],"version-history":[{"count":83,"href":"https:\/\/renoveringfonster.se\/index.php?rest_route=\/wp\/v2\/pages\/4\/revisions"}],"predecessor-version":[{"id":1196,"href":"https:\/\/renoveringfonster.se\/index.php?rest_route=\/wp\/v2\/pages\/4\/revisions\/1196"}],"wp:attachment":[{"href":"https:\/\/renoveringfonster.se\/index.php?rest_route=%2Fwp%2Fv2%2Fmedia&parent=4"}],"curies":[{"name":"wp","href":"https:\/\/api.w.org\/{rel}","templated":true}]}}